{"id":563,"date":"2018-05-15T21:59:52","date_gmt":"2018-05-15T21:59:52","guid":{"rendered":"http:\/\/concreces.mx\/Web_v1\/?page_id=563"},"modified":"2022-06-23T17:25:46","modified_gmt":"2022-06-23T17:25:46","slug":"credito-puente","status":"publish","type":"page","link":"https:\/\/concreces.mx\/Web_v1\/credito-puente\/","title":{"rendered":"Cr\u00e9dito Puente"},"content":{"rendered":"<p><section data-kc-fullwidth=\"content\" class=\"kc-elm kc-css-375006 kc_row\"><div class=\"kc-row-container\"><div class=\"kc-wrap-columns\"><div class=\"kc-elm kc-css-841346 kc_col-sm-4 kc_column kc_col-sm-4\"><div class=\"kc-col-container\"><div class=\"kc-elm kc-css-403867\" style=\"height: 60px; clear: both; width:100%;\"><\/div>\n<div class=\"kc-elm kc-css-82112 kc-title-wrap \">\n\n\t<h3 class=\"kc_title\">La soluci\u00f3n a tus proyectos de construcci\u00f3n<\/h3>\n<\/div>\n<div class=\"kc-elm kc-css-621888 kc-animated kc-animate-eff-fadeIn kc-animate-speed-3s kc_shortcode kc_single_image\">\n\n        <img decoding=\"async\" src=\"https:\/\/concreces.mx\/Web_v1\/wp-content\/uploads\/2018\/05\/puente-1.png\" class=\"\" alt=\"\" \/>    <\/div>\n<\/div><\/div><div class=\"kc-elm kc-css-709709 kc_col-sm-8 kc_column kc_col-sm-8\"><div class=\"kc-col-container\"><div class=\"kc-elm kc-css-205321 kc_text_block\"><\/p>\n<p class=\"p1\">Cr\u00e9dito de mediano plazo, dirigido a los desarrolladores, promotores y constructores de vivienda que tienen por objeto la construcci\u00f3n de edificios multifamiliares, conjuntos habitacionales, fraccionamientos, entre otros. M\u00ednimos y m\u00e1ximos para apertura de cr\u00e9dito seg\u00fan el proyecto.<\/p>\n<p class=\"p1\" style=\"padding-left: 30px;\">\u2022 Cr\u00e9dito en pesos<\/p>\n<p class=\"p1\" style=\"padding-left: 30px;\">\u2022 Financiamiento hasta por el 65% del valor de venta del proyecto<\/p>\n<p class=\"p1\" style=\"padding-left: 30px;\">\u2022 Anticipo de hasta un 20% (100% amortizable en obra)<\/p>\n<p class=\"p1\" style=\"padding-left: 30px;\">\u2022 Seguro de obra por el monto del cr\u00e9dito, m\u00e1s el 10% de responsabilidad civil<\/p>\n<p class=\"p1\" style=\"padding-left: 30px;\">\u2022 Tasa TIIE + 6.5 al 8.5%<\/p>\n<p class=\"p1\" style=\"padding-left: 30px;\">\u2022 Pago de inter\u00e9s mensual y de capital al vencimiento<\/p>\n<p class=\"p1\" style=\"padding-left: 30px;\">\u2022 Comisi\u00f3n por disposici\u00f3n 2.7% + IVA<\/p>\n<p class=\"p2\" style=\"padding-left: 30px;\">\u2022 Garant\u00eda fiduciaria sobre bienes objeto del cr\u00e9dito<\/p>\n<p>\n<\/div><\/div><\/div><\/div><\/div><\/section><section data-kc-fullwidth=\"content\" class=\"kc-elm kc-css-339858 kc-animated kc-animate-eff-fadeIn kc-animate-delay-1200 kc-animate-speed-3s kc_row\"><div class=\"kc-row-container\"><div class=\"kc-wrap-columns\"><div class=\"kc-elm kc-css-196314 kc_col-sm-12 kc_column kc_col-sm-12\"><div class=\"kc-col-container\"><div class=\"kc-elm kc-css-665829\" style=\"height: 40px; clear: both; width:100%;\"><\/div><\/div><\/div><\/div><\/div><\/section><section data-kc-fullwidth=\"content\" class=\"kc-elm kc-css-57140 kc_row\"><div class=\"kc-row-container\"><div class=\"kc-wrap-columns\"><div class=\"kc-elm kc-css-19073 kc_col-sm-4 kc_column kc_col-sm-4\"><div class=\"kc-col-container\"><div class=\"kc-elm kc-css-486527\" style=\"height: 182px; clear: both; width:100%;\"><\/div>\n<div class=\"kc-elm kc-css-501952 kc-title-wrap \">\n\n\t<h3 class=\"kc_title\">Beneficios\r\n<\/h3>\n<\/div>\n<div class=\"kc-elm kc-css-264406\" style=\"height: 128px; clear: both; width:100%;\"><\/div><\/div><\/div><div class=\"kc-elm kc-css-357457 kc_col-sm-4 kc_column kc_col-sm-4\"><div class=\"kc-col-container\"><div class=\"kc-elm kc-css-557302\" style=\"height: 81px; clear: both; width:100%;\"><\/div><div class=\"kc-elm kc-css-365421 kc_text_block\"><\/p>\n<p class=\"p1\" style=\"padding-left: 30px;\">\u2022 Opciones y condiciones de cr\u00e9dito \u00f3ptimas, a la medida de cada desarrollador<\/p>\n<p class=\"p1\" style=\"padding-left: 30px;\">\u2022 Pagos sobre saldos insolutos<\/p>\n<p class=\"p1\" style=\"padding-left: 30px;\">\u2022 Plazos hasta 36 meses<\/p>\n<p class=\"p1\" style=\"padding-left: 30px;\">\u2022 Tiempos de respuesta \u00e1giles<\/p>\n<p class=\"p1\" style=\"padding-left: 30px;\">\u2022 Sin penalizaci\u00f3n por prepago<\/p>\n<p class=\"p2\" style=\"padding-left: 30px;\">\u2022 Tasas y comisiones competitivas, de acuerdo al proyecto y estructura de cr\u00e9dito<\/p>\n<p>\n<\/div><\/div><\/div><div class=\"kc-elm kc-css-439460 kc_col-sm-4 kc_column kc_col-sm-4\"><div class=\"kc-col-container\"><div class=\"kc-elm kc-css-294474\" style=\"height: 81px; clear: both; width:100%;\"><\/div><div class=\"kc-elm kc-css-908459 kc_text_block\"><\/p>\n<p class=\"p1\" style=\"padding-left: 30px;\"><a href=\"http:\/\/concreces.mx\/Web_v1\/credito-puenten\/\">\u2022 Cr\u00e9dito puente<\/a><\/p>\n<p class=\"p1\" style=\"padding-left: 30px;\">\u2022 Cr\u00e9dito puente con descuento SHF sindicado<\/p>\n<p class=\"p1\" style=\"padding-left: 30px;\">\u2022 Cr\u00e9dito puente con descuento SHF tradicional<\/p>\n<p>\n<\/div><\/div><\/div><\/div><\/div><\/section><section data-kc-fullwidth=\"content\" class=\"kc-elm kc-css-848339 kc-animated kc-animate-eff-fadeIn kc-animate-delay-1200 kc-animate-speed-3s kc_row\"><div class=\"kc-row-container\"><div class=\"kc-wrap-columns\"><div class=\"kc-elm kc-css-136543 kc_col-sm-12 kc_column kc_col-sm-12\"><div class=\"kc-col-container\"><div class=\"kc-elm kc-css-819481\" style=\"height: 40px; clear: both; width:100%;\"><\/div><\/div><\/div><\/div><\/div><\/section><section data-kc-fullwidth=\"content\" class=\"kc-elm kc-css-320142 kc_row\"><div class=\"kc-row-container\"><div class=\"kc-wrap-columns\"><div class=\"kc-elm kc-css-912446 kc_col-sm-4 kc_column kc_col-sm-4\"><div class=\"kc-col-container\"><div class=\"kc-elm kc-css-27674\" style=\"height: 150px; clear: both; width:100%;\"><\/div>\n<div class=\"kc-elm kc-css-690552 kc-title-wrap \">\n\n\t<h3 class=\"kc_title\">\u00bfC\u00f3mo adquirirlo?<\/h3>\n<\/div>\n<div class=\"kc-elm kc-css-580188\" style=\"height: 130px; clear: both; width:100%;\"><\/div><\/div><\/div><div class=\"kc-elm kc-css-968349 kc_col-sm-8 kc_column kc_col-sm-8\"><div class=\"kc-col-container\"><div class=\"kc-elm kc-css-994210\" style=\"height: 60px; clear: both; width:100%;\"><\/div><div class=\"kc-elm kc-css-13205 kc_text_block\"><\/p>\n<p class=\"p1\" style=\"padding-left: 30px;\">\u2022 Ser socio activo de la Uni\u00f3n, mediante la compra de 1,000 acciones<\/p>\n<p class=\"p1\" style=\"padding-left: 30px;\">\u2022 Entregar la documentaci\u00f3n requerida por Concreces<\/p>\n<p class=\"p1\" style=\"padding-left: 30px;\">\u2022 Evaluaci\u00f3n crediticia de la empresa y de factibilidad t\u00e9cnica<\/p>\n<p class=\"p1\" style=\"padding-left: 30px;\">\u2022 Experiencia comprobable, m\u00ednimo un proyecto terminado similar con \u00e9xito<\/p>\n<p>\n<\/div><\/div><\/div><\/div><\/div><\/section><section data-kc-fullwidth=\"content\" class=\"kc-elm kc-css-919411 kc_row\"><div class=\"kc-row-container\"><div class=\"kc-wrap-columns\"><div class=\"kc-elm kc-css-938260 kc_col-sm-12 kc_column kc_col-sm-12\"><div class=\"kc-col-container\"><div class=\"kc-elm kc-css-359680\" style=\"height: 40px; clear: both; width:100%;\"><\/div>\n<div class=\"kc-elm kc-css-109014\">\n\t<a class=\"kc_button\" href=\"http:\/\/concreces.mx\/Web_v1\/contacto\/\" target=\"_self\" title=\"\" onclick=\"\">\n\t\tSolicitar Cr\u00e9dito\t<\/a>\n<\/div>\n<\/div><\/div><\/div><\/div><\/section><\/p>\n","protected":false},"excerpt":{"rendered":"","protected":false},"author":1,"featured_media":0,"parent":0,"menu_order":0,"comment_status":"closed","ping_status":"closed","template":"","meta":{"footnotes":""},"class_list":["post-563","page","type-page","status-publish","hentry"],"_links":{"self":[{"href":"https:\/\/concreces.mx\/Web_v1\/wp-json\/wp\/v2\/pages\/563","targetHints":{"allow":["GET"]}}],"collection":[{"href":"https:\/\/concreces.mx\/Web_v1\/wp-json\/wp\/v2\/pages"}],"about":[{"href":"https:\/\/concreces.mx\/Web_v1\/wp-json\/wp\/v2\/types\/page"}],"author":[{"embeddable":true,"href":"https:\/\/concreces.mx\/Web_v1\/wp-json\/wp\/v2\/users\/1"}],"replies":[{"embeddable":true,"href":"https:\/\/concreces.mx\/Web_v1\/wp-json\/wp\/v2\/comments?post=563"}],"version-history":[{"count":39,"href":"https:\/\/concreces.mx\/Web_v1\/wp-json\/wp\/v2\/pages\/563\/revisions"}],"predecessor-version":[{"id":1484,"href":"https:\/\/concreces.mx\/Web_v1\/wp-json\/wp\/v2\/pages\/563\/revisions\/1484"}],"wp:attachment":[{"href":"https:\/\/concreces.mx\/Web_v1\/wp-json\/wp\/v2\/media?parent=563"}],"curies":[{"name":"wp","href":"https:\/\/api.w.org\/{rel}","templated":true}]}}