{"id":562,"date":"2018-05-15T21:59:50","date_gmt":"2018-05-15T21:59:50","guid":{"rendered":"http:\/\/concreces.mx\/Web_v1\/?page_id=562"},"modified":"2019-11-13T19:02:07","modified_gmt":"2019-11-13T19:02:07","slug":"credito-pyme","status":"publish","type":"page","link":"https:\/\/concreces.mx\/Web_v1\/credito-pyme\/","title":{"rendered":"Cr\u00e9dito PyME"},"content":{"rendered":"<p><section data-kc-fullwidth=\"content\" class=\"kc-elm kc-css-373441 kc_row\"><div class=\"kc-row-container\"><div class=\"kc-wrap-columns\"><div class=\"kc-elm kc-css-157270 kc_col-sm-4 kc_column kc_col-sm-4\"><div class=\"kc-col-container\"><div class=\"kc-elm kc-css-327793\" style=\"height: 47px; clear: both; width:100%;\"><\/div>\n<div class=\"kc-elm kc-css-796394 kc-title-wrap \">\n\n\t<h3 class=\"kc_title\">Financiamiento para consolidar <br>el futuro de tu negocio<\/h3>\n<\/div>\n<div class=\"kc-elm kc-css-589601 kc_shortcode kc_single_image\">\n\n        <img decoding=\"async\" src=\"https:\/\/concreces.mx\/Web_v1\/wp-content\/uploads\/2018\/05\/pyme-1.png\" class=\"\" alt=\"\" \/>    <\/div>\n<\/div><\/div><div class=\"kc-elm kc-css-151559 kc_col-sm-8 kc_column kc_col-sm-8\"><div class=\"kc-col-container\"><div class=\"kc-elm kc-css-427664\" style=\"height: 99px; clear: both; width:100%;\"><\/div><div class=\"kc-elm kc-css-382740 kc_text_block\"><\/p>\n<p class=\"p2\">Porque en <span class=\"s1\"><b>Concreces<\/b><\/span> queremos ayudarte a impulsar tu negocio, te damos las herramientas necesarias para que esto suceda. Nuestro programa de cr\u00e9ditos est\u00e1 dise\u00f1ado para PyMES como la tuya, que desean obtener capital de trabajo para acondicionamiento de inmuebles o adquirir activos fijos.<\/p>\n<p class=\"p2\">Encuentra dentro de nuestras diferentes opciones el cr\u00e9dito que m\u00e1s se adec\u00fae a las necesidades de tu negocio.<\/p>\n<p>\n<\/div><\/div><\/div><\/div><\/div><\/section><section data-kc-fullwidth=\"content\" class=\"kc-elm kc-css-609432 kc_row\"><div class=\"kc-row-container\"><div class=\"kc-wrap-columns\"><div class=\"kc-elm kc-css-90178 kc_col-sm-12 kc_column kc_col-sm-12\"><div class=\"kc-col-container\"><div class=\"kc-elm kc-css-537336\" style=\"height: 40px; clear: both; width:100%;\"><\/div><\/div><\/div><\/div><\/div><\/section><section data-kc-fullwidth=\"content\" class=\"kc-elm kc-css-499908 kc_row\"><div class=\"kc-row-container\"><div class=\"kc-wrap-columns\"><div class=\"kc-elm kc-css-373498 kc_col-sm-4 kc_column kc_col-sm-4\"><div class=\"kc-col-container\"><div class=\"kc-elm kc-css-754805\" style=\"height: 150px; clear: both; width:100%;\"><\/div>\n<div class=\"kc-elm kc-css-770330 kc-title-wrap \">\n\n\t<h3 class=\"kc_title\">Beneficios\r\n<\/h3>\n<\/div>\n<div class=\"kc-elm kc-css-746868\" style=\"height: 138px; clear: both; width:100%;\"><\/div><\/div><\/div><div class=\"kc-elm kc-css-24283 kc_col-sm-4 kc_column kc_col-sm-4\"><div class=\"kc-col-container\"><div class=\"kc-elm kc-css-644708\" style=\"height: 57px; clear: both; width:100%;\"><\/div><div class=\"kc-elm kc-css-816048 kc_text_block\"><\/p>\n<p class=\"p1\" style=\"padding-left: 30px;\">\u2022 Financiamiento para consolidar el futuro de tu negocio<\/p>\n<p class=\"p1\" style=\"padding-left: 30px;\">\u2022 Condiciones de cr\u00e9dito \u00f3ptimas<\/p>\n<p class=\"p1\" style=\"padding-left: 30px;\">\u2022 Tasa y plazos flexibles<\/p>\n<p class=\"p1\" style=\"padding-left: 30px;\">\u2022 Pagos sobre saldos insolutos<\/p>\n<p class=\"p1\" style=\"padding-left: 30px;\">\u2022 Sin penalizaci\u00f3n por prepago<\/p>\n<p class=\"p2\" style=\"padding-left: 30px;\">\u2022 Seguro de da\u00f1os sobre la garant\u00eda, en caso de edificaciones<\/p>\n<p>\n<\/div><\/div><\/div><div class=\"kc-elm kc-css-966284 kc_col-sm-4 kc_column kc_col-sm-4\"><div class=\"kc-col-container\"><div class=\"kc-elm kc-css-25421\" style=\"height: 57px; clear: both; width:100%;\"><\/div><div class=\"kc-elm kc-css-419487 kc_text_block\"><\/p>\n<p class=\"p1\" style=\"padding-left: 30px;\"><a href=\"http:\/\/concreces.mx\/Web_v1\/credito-en-cc\/\">\u2022 Cr\u00e9dito en cuenta corriente<\/a><\/p>\n<p class=\"p1\" style=\"padding-left: 30px;\"><a href=\"http:\/\/concreces.mx\/Web_v1\/credito-refaccionario\/\">\u2022 Cr\u00e9dito refaccionario<\/a><\/p>\n<p class=\"p1\" style=\"padding-left: 30px;\"><a href=\"http:\/\/concreces.mx\/Web_v1\/credito-habilitacion\/\">\u2022 Cr\u00e9dito de habilitaci\u00f3n o av\u00edo<\/a><\/p>\n<p class=\"p1\" style=\"padding-left: 30px;\"><a href=\"http:\/\/concreces.mx\/Web_v1\/credito-simple\/\">\u2022 Cr\u00e9dito simple<\/a><\/p>\n<p class=\"p1\" style=\"padding-left: 30px;\"><a href=\"http:\/\/concreces.mx\/Web_v1\/credito-simple-e-privado\/\">\u2022 Cr\u00e9dito simple en escrito privado<\/a><\/p>\n<p>\n<\/div><\/div><\/div><\/div><\/div><\/section><section class=\"kc-elm kc-css-866994 kc-animated kc-animate-eff-fadeIn kc-animate-delay-1200 kc-animate-speed-3s kc_row\"><div class=\"kc-row-container  kc-container\"><div class=\"kc-wrap-columns\"><div class=\"kc-elm kc-css-3788 kc_col-sm-12 kc_column kc_col-sm-12\"><div class=\"kc-col-container\"><div class=\"kc-elm kc-css-523713\" style=\"height: 40px; clear: both; width:100%;\"><\/div><\/div><\/div><\/div><\/div><\/section><section data-kc-fullwidth=\"content\" class=\"kc-elm kc-css-775907 kc_row\"><div class=\"kc-row-container\"><div class=\"kc-wrap-columns\"><div class=\"kc-elm kc-css-96521 kc_col-sm-4 kc_column kc_col-sm-4\"><div class=\"kc-col-container\"><div class=\"kc-elm kc-css-331336\" style=\"height: 152px; clear: both; width:100%;\"><\/div>\n<div class=\"kc-elm kc-css-414553 kc-title-wrap \">\n\n\t<h3 class=\"kc_title\">\u00bfC\u00f3mo adquirirlo?<\/h3>\n<\/div>\n<div class=\"kc-elm kc-css-652018\" style=\"height: 134px; clear: both; width:100%;\"><\/div><\/div><\/div><div class=\"kc-elm kc-css-539890 kc_col-sm-8 kc_column kc_col-sm-8\"><div class=\"kc-col-container\"><div class=\"kc-elm kc-css-713724\" style=\"height: 89px; clear: both; width:100%;\"><\/div><div class=\"kc-elm kc-css-43440 kc_text_block\"><\/p>\n<p class=\"p1\" style=\"padding-left: 30px;\">\u2022 Ser socio activo de la Uni\u00f3n, mediante la compra de las 1,000 acciones<\/p>\n<p class=\"p1\" style=\"padding-left: 30px;\">\u2022 PyME con experiencia m\u00ednima de 6 meses en el mercado<\/p>\n<p class=\"p1\" style=\"padding-left: 30px;\">\u2022 Apertura de cr\u00e9dito a partir de $500 mil pesos hasta 44 mdp<\/p>\n<p class=\"p1\" style=\"padding-left: 30px;\">\u2022Entregar la documentaci\u00f3n requerida por Concreces<\/p>\n<p>\n<\/div><\/div><\/div><\/div><\/div><\/section><section data-kc-fullwidth=\"content\" class=\"kc-elm kc-css-284531 kc-animated kc-animate-eff-fadeIn kc-animate-delay-1200 kc-animate-speed-3s kc_row\"><div class=\"kc-row-container\"><div class=\"kc-wrap-columns\"><div class=\"kc-elm kc-css-10411 kc_col-sm-12 kc_column kc_col-sm-12\"><div class=\"kc-col-container\"><div class=\"kc-elm kc-css-916751\" style=\"height: 40px; clear: both; width:100%;\"><\/div>\n<div class=\"kc-elm kc-css-474180\">\n\t<a class=\"kc_button\" href=\"http:\/\/concreces.mx\/Web_v1\/contacto\/\" target=\"_self\" title=\"\" onclick=\"\">\n\t\tSolicitar Cr\u00e9dito\t<\/a>\n<\/div>\n<\/div><\/div><\/div><\/div><\/section><\/p>\n","protected":false},"excerpt":{"rendered":"","protected":false},"author":1,"featured_media":0,"parent":0,"menu_order":0,"comment_status":"closed","ping_status":"closed","template":"","meta":{"footnotes":""},"class_list":["post-562","page","type-page","status-publish","hentry"],"_links":{"self":[{"href":"https:\/\/concreces.mx\/Web_v1\/wp-json\/wp\/v2\/pages\/562","targetHints":{"allow":["GET"]}}],"collection":[{"href":"https:\/\/concreces.mx\/Web_v1\/wp-json\/wp\/v2\/pages"}],"about":[{"href":"https:\/\/concreces.mx\/Web_v1\/wp-json\/wp\/v2\/types\/page"}],"author":[{"embeddable":true,"href":"https:\/\/concreces.mx\/Web_v1\/wp-json\/wp\/v2\/users\/1"}],"replies":[{"embeddable":true,"href":"https:\/\/concreces.mx\/Web_v1\/wp-json\/wp\/v2\/comments?post=562"}],"version-history":[{"count":31,"href":"https:\/\/concreces.mx\/Web_v1\/wp-json\/wp\/v2\/pages\/562\/revisions"}],"predecessor-version":[{"id":1381,"href":"https:\/\/concreces.mx\/Web_v1\/wp-json\/wp\/v2\/pages\/562\/revisions\/1381"}],"wp:attachment":[{"href":"https:\/\/concreces.mx\/Web_v1\/wp-json\/wp\/v2\/media?parent=562"}],"curies":[{"name":"wp","href":"https:\/\/api.w.org\/{rel}","templated":true}]}}