{"id":532,"date":"2018-05-14T18:18:07","date_gmt":"2018-05-14T18:18:07","guid":{"rendered":"http:\/\/concreces.mx\/Web_v1\/?page_id=532"},"modified":"2018-06-04T15:25:23","modified_gmt":"2018-06-04T15:25:23","slug":"garantia-liquida","status":"publish","type":"page","link":"https:\/\/concreces.mx\/Web_v1\/garantia-liquida\/","title":{"rendered":"Cr\u00e9dito con Garant\u00eda L\u00edquida"},"content":{"rendered":"<p><section data-kc-fullwidth=\"content\" class=\"kc-elm kc-css-862938 kc_row\"><div class=\"kc-row-container\"><div class=\"kc-wrap-columns\"><div class=\"kc-elm kc-css-313535 kc_col-sm-4 kc_column kc_col-sm-4\"><div class=\"kc-col-container\"><div class=\"kc-elm kc-css-548283\" style=\"height: 40px; clear: both; width:100%;\"><\/div>\n<div class=\"kc-elm kc-css-462151 kc-title-wrap \">\n\n\t<h1 class=\"kc_title\">Back to Back<\/h1>\n<\/div>\n<div class=\"kc-elm kc-css-750910 kc_shortcode kc_single_image\">\n\n        <img decoding=\"async\" src=\"https:\/\/concreces.mx\/Web_v1\/wp-content\/uploads\/2018\/05\/garantia-1.png\" class=\"\" alt=\"\" \/>    <\/div>\n<\/div><\/div><div class=\"kc-elm kc-css-574398 kc_col-sm-8 kc_column kc_col-sm-8\"><div class=\"kc-col-container\"><div class=\"kc-elm kc-css-831631\" style=\"height: 30px; clear: both; width:100%;\"><\/div><div class=\"kc-elm kc-css-529579 kc_text_block\"><\/p>\n<p class=\"p1\">L\u00ednea de cr\u00e9dito que apoya al Socio en sus necesidades financieras, legales y fiscales, sin comprometer su liquidez.<\/p>\n<p>\n<\/div><div class=\"kc-elm kc-css-149555 kc_row kc_row_inner\"><div class=\"kc-elm kc-css-10036 kc_col-sm-6 kc_column_inner kc_col-sm-6\"><div class=\"kc_wrapper kc-col-inner-container\"><div class=\"kc-elm kc-css-204183 kc_text_block\"><\/p>\n<p class=\"p1\"><b>Por tipo de moneda:<\/b><\/p>\n<p class=\"p2\" style=\"padding-left: 30px;\">\u2022 Pesos<\/p>\n<p class=\"p3\" style=\"padding-left: 30px;\">\u2022 D\u00f3lares<\/p>\n<p>\n<\/div><\/div><\/div><div class=\"kc-elm kc-css-301673 kc_col-sm-6 kc_column_inner kc_col-sm-6\"><div class=\"kc_wrapper kc-col-inner-container\"><div class=\"kc-elm kc-css-198658 kc_text_block\"><\/p>\n<p class=\"p1\"><b>Por tipo de tasa:<\/b><\/p>\n<p class=\"p2\" style=\"padding-left: 30px;\">\u2022 Fija<\/p>\n<p class=\"p3\" style=\"padding-left: 30px;\">\u2022 Variable<\/p>\n<p>\n<\/div><\/div><\/div><\/div><div class=\"kc-elm kc-css-195977 kc_text_block\"><\/p>\n<p class=\"p1\"><b>Contrataci\u00f3n de Back to Back<\/b><\/p>\n<p class=\"p1\">Aprovecha tus ahorros de manera eficaz e increm\u00e9ntalos al invertir en pagar\u00e9s con rendimientos liquidables en la modalidad que se elija y obtendr\u00e1s la oportunidad de solicitar cr\u00e9ditos en el momento que lo desees, para solventar cualquier necesidad e impulsar el crecimiento de tu negocio.<\/p>\n<p>\n<\/div><\/div><\/div><\/div><\/div><\/section><section data-kc-fullwidth=\"content\" class=\"kc-elm kc-css-75063 kc-animated kc-animate-eff-fadeInDown kc-animate-delay-300 kc-animate-speed-3s kc_row\"><div class=\"kc-row-container\"><div class=\"kc-wrap-columns\"><div class=\"kc-elm kc-css-750784 kc_col-sm-4 kc_column kc_col-sm-4\"><div class=\"kc-col-container\"><div class=\"kc-elm kc-css-744495\" style=\"height: 40px; clear: both; width:100%;\"><\/div><\/div><\/div><div class=\"kc-elm kc-css-757516 kc_col-sm-8 kc_column kc_col-sm-8\"><div class=\"kc-col-container\"><div class=\"kc-elm kc-css-659446\" style=\"height: 40px; clear: both; width:100%;\"><\/div><\/div><\/div><\/div><\/div><\/section><section data-kc-fullwidth=\"content\" class=\"kc-elm kc-css-743201 kc_row\"><div class=\"kc-row-container\"><div class=\"kc-wrap-columns\"><div class=\"kc-elm kc-css-515531 kc_col-sm-4 kc_column kc_col-sm-4\"><div class=\"kc-col-container\"><div class=\"kc-elm kc-css-553829\" style=\"height: 111px; clear: both; width:100%;\"><\/div>\n<div class=\"kc-elm kc-css-201039 kc-title-wrap \">\n\n\t<h4 class=\"kc_title\">Beneficios  \r\n<\/h4>\n<\/div>\n<div class=\"kc-elm kc-css-75489\" style=\"height: 132px; clear: both; width:100%;\"><\/div><\/div><\/div><div class=\"kc-elm kc-css-569675 kc_col-sm-8 kc_column kc_col-sm-8\"><div class=\"kc-col-container\"><div class=\"kc-elm kc-css-359216\" style=\"height: 109px; clear: both; width:100%;\"><\/div><div class=\"kc-elm kc-css-924450 kc_text_block\"><\/p>\n<p class=\"p1\" style=\"padding-left: 30px;\">\u2022 Te ofrecemos la tasa de inter\u00e9s m\u00e1s atractiva del mercado<\/p>\n<p class=\"p1\" style=\"padding-left: 30px;\">\u2022 Flexibilidad en el otorgamiento del cr\u00e9dito<\/p>\n<p class=\"p2\" style=\"padding-left: 30px;\">\u2022 Asesor\u00eda en el manejo de tus cr\u00e9ditos, para construir la herramienta crediticia ideal para ti<\/p>\n<p>\n<\/div><\/div><\/div><\/div><\/div><\/section><section data-kc-fullwidth=\"content\" class=\"kc-elm kc-css-694411 kc-animated kc-animate-eff-fadeInDown kc-animate-delay-600 kc-animate-speed-3s kc_row\"><div class=\"kc-row-container\"><div class=\"kc-wrap-columns\"><div class=\"kc-elm kc-css-486114 kc_col-sm-4 kc_column kc_col-sm-4\"><div class=\"kc-col-container\"><div class=\"kc-elm kc-css-551977\" style=\"height: 40px; clear: both; width:100%;\"><\/div><\/div><\/div><div class=\"kc-elm kc-css-732801 kc_col-sm-8 kc_column kc_col-sm-8\"><div class=\"kc-col-container\"><div class=\"kc-elm kc-css-280781\" style=\"height: 40px; clear: both; width:100%;\"><\/div><\/div><\/div><\/div><\/div><\/section><section data-kc-fullwidth=\"content\" class=\"kc-elm kc-css-22708 kc_row\"><div class=\"kc-row-container\"><div class=\"kc-wrap-columns\"><div class=\"kc-elm kc-css-672582 kc_col-sm-4 kc_column kc_col-sm-4\"><div class=\"kc-col-container\"><div class=\"kc-elm kc-css-785310\" style=\"height: 125px; clear: both; width:100%;\"><\/div>\n<div class=\"kc-elm kc-css-36905 kc-title-wrap \">\n\n\t<h4 class=\"kc_title\">\u00bfC\u00f3mo adquirirlo? <\/h4>\n<\/div>\n<\/div><\/div><div class=\"kc-elm kc-css-499307 kc_col-sm-8 kc_column kc_col-sm-8\"><div class=\"kc-col-container\"><div class=\"kc-elm kc-css-743213\" style=\"height: 20px; clear: both; width:100%;\"><\/div><div class=\"kc-elm kc-css-461167 kc_text_block\"><\/p>\n<p class=\"p1\" style=\"padding-left: 30px;\">\u2022 Ser socio activo de la Uni\u00f3n, mediante la compra de las 2,500 UDIS (Unidades de Inversi\u00f3n) reglamentarias, en acciones<\/p>\n<p class=\"p1\" style=\"padding-left: 30px;\">\u2022 Invertir un m\u00ednimo de $100 mil pesos en Concreces<\/p>\n<p class=\"p1\" style=\"padding-left: 30px;\">\u2022 Entregar la documentaci\u00f3n requerida por Concreces y la CNBV<\/p>\n<p class=\"p1\" style=\"padding-left: 30px;\">\u2022 Firma del Contrato de Pr\u00e9stamo de Socios en su modalidad pesos y d\u00f3lares<\/p>\n<p class=\"p1\" style=\"padding-left: 30px;\">\u2022 Firma de solicitud de Back to Back<\/p>\n<p class=\"p1\" style=\"padding-left: 30px;\">\u2022 Contar con la garant\u00eda l\u00edquida libre de gravamen<\/p>\n<p class=\"p1\" style=\"padding-left: 30px;\">\u2022 Pago de comisi\u00f3n m\u00e1s IVA<\/p>\n<p>\n<\/div><\/div><\/div><\/div><\/div><\/section><\/p>\n","protected":false},"excerpt":{"rendered":"","protected":false},"author":1,"featured_media":0,"parent":0,"menu_order":0,"comment_status":"closed","ping_status":"closed","template":"","meta":{"footnotes":""},"class_list":["post-532","page","type-page","status-publish","hentry"],"_links":{"self":[{"href":"https:\/\/concreces.mx\/Web_v1\/wp-json\/wp\/v2\/pages\/532","targetHints":{"allow":["GET"]}}],"collection":[{"href":"https:\/\/concreces.mx\/Web_v1\/wp-json\/wp\/v2\/pages"}],"about":[{"href":"https:\/\/concreces.mx\/Web_v1\/wp-json\/wp\/v2\/types\/page"}],"author":[{"embeddable":true,"href":"https:\/\/concreces.mx\/Web_v1\/wp-json\/wp\/v2\/users\/1"}],"replies":[{"embeddable":true,"href":"https:\/\/concreces.mx\/Web_v1\/wp-json\/wp\/v2\/comments?post=532"}],"version-history":[{"count":31,"href":"https:\/\/concreces.mx\/Web_v1\/wp-json\/wp\/v2\/pages\/532\/revisions"}],"predecessor-version":[{"id":1003,"href":"https:\/\/concreces.mx\/Web_v1\/wp-json\/wp\/v2\/pages\/532\/revisions\/1003"}],"wp:attachment":[{"href":"https:\/\/concreces.mx\/Web_v1\/wp-json\/wp\/v2\/media?parent=532"}],"curies":[{"name":"wp","href":"https:\/\/api.w.org\/{rel}","templated":true}]}}