{"id":512,"date":"2018-05-14T16:54:06","date_gmt":"2018-05-14T16:54:06","guid":{"rendered":"http:\/\/concreces.mx\/Web_v1\/?page_id=512"},"modified":"2018-06-04T15:23:43","modified_gmt":"2018-06-04T15:23:43","slug":"concreces-empresarial","status":"publish","type":"page","link":"https:\/\/concreces.mx\/Web_v1\/concreces-empresarial\/","title":{"rendered":"Concreces Empresarial"},"content":{"rendered":"<p><section data-kc-fullwidth=\"content\" class=\"kc-elm kc-css-410187 kc_row\"><div class=\"kc-row-container\"><div class=\"kc-wrap-columns\"><div class=\"kc-elm kc-css-357453 kc_col-sm-4 kc_column kc_col-sm-4\"><div class=\"kc-col-container\"><div class=\"kc-elm kc-css-376409\" style=\"height: 40px; clear: both; width:100%;\"><\/div>\n<div class=\"kc-elm kc-css-815813 kc-title-wrap \">\n\n\t<h4 class=\"kc_title\">Flujos Estrat\u00e9gicos<\/h4>\n<\/div>\n<div class=\"kc-elm kc-css-171566 kc_shortcode kc_single_image\">\n\n        <img decoding=\"async\" src=\"https:\/\/concreces.mx\/Web_v1\/wp-content\/uploads\/2018\/05\/empresarial-1.png\" class=\"\" alt=\"\" \/>    <\/div>\n<\/div><\/div><div class=\"kc-elm kc-css-878467 kc_col-sm-8 kc_column kc_col-sm-8\"><div class=\"kc-col-container\"><div class=\"kc-elm kc-css-620038\" style=\"height: 40px; clear: both; width:100%;\"><\/div><div class=\"kc-elm kc-css-75816 kc_text_block\"><\/p>\n<p>\nPrograma destinado a la adecuada administraci\u00f3n de los flujos del Socio, con el fin de asesorarlo de manera s\u00f3lida en sus estrategias financieras y fiscales.<\/p>\n<p>\n<\/div><div class=\"kc-elm kc-css-358032\" style=\"height: 61px; clear: both; width:100%;\"><\/div><div class=\"kc-elm kc-css-406831 kc_row kc_row_inner\"><div class=\"kc-elm kc-css-8851 kc_col-sm-4 kc_column_inner kc_col-sm-4\"><div class=\"kc_wrapper kc-col-inner-container\"><div class=\"kc-elm kc-css-707933 kc_text_block\"><\/p>\n<p class=\"p1\"><b>Plazos: <\/b><\/p>\n<p class=\"p2\" style=\"padding-left: 30px;\">\u2022 Corto plazo (180 d\u00edas a 1 a\u00f1o)<\/p>\n<p class=\"p3\" style=\"padding-left: 30px;\">\u2022 Largo plazo (m\u00e1s de 1 a\u00f1o)<\/p>\n<p>\n<\/div><\/div><\/div><div class=\"kc-elm kc-css-337987 kc_col-sm-4 kc_column_inner kc_col-sm-4\"><div class=\"kc_wrapper kc-col-inner-container\"><div class=\"kc-elm kc-css-719148 kc_text_block\"><\/p>\n<p class=\"p1\"><b>Tipo de moneda: <\/b><\/p>\n<p class=\"p2\" style=\"padding-left: 30px;\">\u2022 Pesos<\/p>\n<p class=\"p3\" style=\"padding-left: 30px;\">\u2022 D\u00f3lares<\/p>\n<p>\n<\/div><\/div><\/div><div class=\"kc-elm kc-css-291344 kc_col-sm-4 kc_column_inner kc_col-sm-4\"><div class=\"kc_wrapper kc-col-inner-container\"><\/div><\/div><\/div><\/div><\/div><\/div><\/div><\/section><section data-kc-fullwidth=\"content\" class=\"kc-elm kc-css-689023 kc-animated kc-animate-eff-fadeInDown kc-animate-speed-3s kc_row\"><div class=\"kc-row-container\"><div class=\"kc-wrap-columns\"><div class=\"kc-elm kc-css-751221 kc_col-sm-4 kc_column kc_col-sm-4\"><div class=\"kc-col-container\"><div class=\"kc-elm kc-css-778103\" style=\"height: 40px; clear: both; width:100%;\"><\/div><\/div><\/div><div class=\"kc-elm kc-css-74968 kc_col-sm-8 kc_column kc_col-sm-8\"><div class=\"kc-col-container\"><div class=\"kc-elm kc-css-356522\" style=\"height: 40px; clear: both; width:100%;\"><\/div><\/div><\/div><\/div><\/div><\/section><section data-kc-fullwidth=\"content\" class=\"kc-elm kc-css-443999 kc_row\"><div class=\"kc-row-container\"><div class=\"kc-wrap-columns\"><div class=\"kc-elm kc-css-976418 kc_col-sm-4 kc_column kc_col-sm-4\"><div class=\"kc-col-container\"><div class=\"kc-elm kc-css-338485\" style=\"height: 120px; clear: both; width:100%;\"><\/div>\n<div class=\"kc-elm kc-css-273008 kc-title-wrap \">\n\n\t<h4 class=\"kc_title\">Beneficios\u00a0\r\n<\/h4>\n<\/div>\n<div class=\"kc-elm kc-css-430700\" style=\"height: 75px; clear: both; width:100%;\"><\/div><\/div><\/div><div class=\"kc-elm kc-css-290651 kc_col-sm-8 kc_column kc_col-sm-8\"><div class=\"kc-col-container\"><div class=\"kc-elm kc-css-438286\" style=\"height: 40px; clear: both; width:100%;\"><\/div><div class=\"kc-elm kc-css-23760 kc_text_block\"><\/p>\n<p class=\"p2\" style=\"padding-left: 30px;\">\u2022 Estrategias financieras y fiscales inteligentes<\/p>\n<p class=\"p2\" style=\"padding-left: 30px;\">\u2022 Atractivas tasas de inter\u00e9s por arriba del mercado<\/p>\n<p class=\"p2\" style=\"padding-left: 30px;\">\u2022 Portafolios din\u00e1micos, que permiten una interacci\u00f3n eficaz en los mercados de dinero y divisas<\/p>\n<p class=\"p3\" style=\"padding-left: 30px;\">\u2022 Obtenci\u00f3n de ganancias cambiarias, adem\u00e1s de tu tasa de inter\u00e9s<\/p>\n<p>\n<\/div><div class=\"kc-elm kc-css-915285\" style=\"height: 75px; clear: both; width:100%;\"><\/div><\/div><\/div><\/div><\/div><\/section><section data-kc-fullwidth=\"content\" class=\"kc-elm kc-css-181070 kc-animated kc-animate-eff-fadeInDown kc-animate-delay-900 kc-animate-speed-3s kc_row\"><div class=\"kc-row-container\"><div class=\"kc-wrap-columns\"><div class=\"kc-elm kc-css-96078 kc_col-sm-4 kc_column kc_col-sm-4\"><div class=\"kc-col-container\"><div class=\"kc-elm kc-css-705928\" style=\"height: 40px; clear: both; width:100%;\"><\/div><\/div><\/div><div class=\"kc-elm kc-css-586838 kc_col-sm-8 kc_column kc_col-sm-8\"><div class=\"kc-col-container\"><div class=\"kc-elm kc-css-497200\" style=\"height: 40px; clear: both; width:100%;\"><\/div><\/div><\/div><\/div><\/div><\/section><section data-kc-fullwidth=\"content\" class=\"kc-elm kc-css-677966 kc_row\"><div class=\"kc-row-container\"><div class=\"kc-wrap-columns\"><div class=\"kc-elm kc-css-946137 kc_col-sm-4 kc_column kc_col-sm-4\"><div class=\"kc-col-container\"><div class=\"kc-elm kc-css-449115\" style=\"height: 125px; clear: both; width:100%;\"><\/div>\n<div class=\"kc-elm kc-css-406873 kc-title-wrap \">\n\n\t<h4 class=\"kc_title\">\u00bfC\u00f3mo adquirirlo?<\/h4>\n<\/div>\n<div class=\"kc-elm kc-css-705507\" style=\"height: 40px; clear: both; width:100%;\"><\/div><\/div><\/div><div class=\"kc-elm kc-css-527949 kc_col-sm-8 kc_column kc_col-sm-8\"><div class=\"kc-col-container\"><div class=\"kc-elm kc-css-295223\" style=\"height: 40px; clear: both; width:100%;\"><\/div><div class=\"kc-elm kc-css-900179 kc_text_block\"><\/p>\n<p class=\"p2\" style=\"padding-left: 30px;\">\u2022 Ser socio activo de la Uni\u00f3n, mediante la compra de las 2,500 UDIS (Unidades de Inversi\u00f3n) reglamentarias, en acciones<\/p>\n<p class=\"p2\" style=\"padding-left: 30px;\">\u2022 Invertir un m\u00ednimo de $100 mil pesos en Concreces<\/p>\n<p class=\"p2\" style=\"padding-left: 30px;\">\u2022 Entregar la documentaci\u00f3n requerida por Concreces y la CNBV<\/p>\n<p class=\"p2\" style=\"padding-left: 30px;\">\u2022 Firma del Contrato de Pr\u00e9stamo de Socios en su modalidad pesos y d\u00f3lares<\/p>\n<p>\n<\/div><div class=\"kc-elm kc-css-138938\" style=\"height: 40px; clear: both; width:100%;\"><\/div><\/div><\/div><\/div><\/div><\/section><\/p>\n","protected":false},"excerpt":{"rendered":"","protected":false},"author":1,"featured_media":0,"parent":0,"menu_order":0,"comment_status":"closed","ping_status":"closed","template":"","meta":{"footnotes":""},"class_list":["post-512","page","type-page","status-publish","hentry"],"_links":{"self":[{"href":"https:\/\/concreces.mx\/Web_v1\/wp-json\/wp\/v2\/pages\/512","targetHints":{"allow":["GET"]}}],"collection":[{"href":"https:\/\/concreces.mx\/Web_v1\/wp-json\/wp\/v2\/pages"}],"about":[{"href":"https:\/\/concreces.mx\/Web_v1\/wp-json\/wp\/v2\/types\/page"}],"author":[{"embeddable":true,"href":"https:\/\/concreces.mx\/Web_v1\/wp-json\/wp\/v2\/users\/1"}],"replies":[{"embeddable":true,"href":"https:\/\/concreces.mx\/Web_v1\/wp-json\/wp\/v2\/comments?post=512"}],"version-history":[{"count":22,"href":"https:\/\/concreces.mx\/Web_v1\/wp-json\/wp\/v2\/pages\/512\/revisions"}],"predecessor-version":[{"id":1001,"href":"https:\/\/concreces.mx\/Web_v1\/wp-json\/wp\/v2\/pages\/512\/revisions\/1001"}],"wp:attachment":[{"href":"https:\/\/concreces.mx\/Web_v1\/wp-json\/wp\/v2\/media?parent=512"}],"curies":[{"name":"wp","href":"https:\/\/api.w.org\/{rel}","templated":true}]}}