{"id":1372,"date":"2019-10-24T03:09:21","date_gmt":"2019-10-24T03:09:21","guid":{"rendered":"http:\/\/concreces.mx\/Web_v1\/?page_id=1372"},"modified":"2022-06-20T01:59:51","modified_gmt":"2022-06-20T01:59:51","slug":"buro-credito","status":"publish","type":"page","link":"https:\/\/concreces.mx\/Web_v1\/buro-credito\/","title":{"rendered":"Bur\u00f3 de Entidades Financieras"},"content":{"rendered":"<section class=\"kc-elm kc-css-366850 kc_row\"><div class=\"kc-row-container  kc-container\"><div class=\"kc-wrap-columns\"><div class=\"kc-elm kc-css-364397 kc_col-sm-12 kc_column kc_col-sm-12\"><div class=\"kc-col-container\"><div class=\"kc-elm kc-css-960139 kc_text_block\"><\/p>\n<section class=\"kc-elm kc-css-3820530 kc_row\"><img loading=\"lazy\" decoding=\"async\" class=\"size-thumbnail aligncenter\" src=\"http:\/\/concreces.mx\/Web_v1\/wp-content\/uploads\/2018\/07\/b1.png\" alt=\"\" width=\"66\" height=\"64\" \/><\/p>\n<div class=\"kc-row-container kc-container\">\n<div class=\"kc-wrap-columns\">\n<div class=\"kc-elm kc-css-3406436 kc_col-sm-12 kc_column kc_col-sm-12\">\n<div class=\"kc-col-container\">\n<div class=\"kc-elm kc-css-1145511 kc_box_wrap \">\n<div align=\"center\"><\/div>\n<\/div>\n<div class=\"kc-elm kc-css-500354 kc_text_block\">\n<p class=\"MsoNormal\" style=\"text-align: justify;\">Es una herramienta de consulta y difusi\u00f3n con la que podr\u00e1s conocer los productos que ofrecen las entidades financieras, sus comisiones y tasas, las reclamaciones de los usuarios, las pr\u00e1cticas no sanas en que incurren, las sanciones administrativas que les han impuesto, las cl\u00e1usulas abusivas de sus contratos y otra informaci\u00f3n que resulte relevante para informarte sobre su desempe\u00f1o.<\/p>\n<p>Con el Bur\u00f3 de Entidades Financieras, se lograr\u00e1 saber qui\u00e9n es qui\u00e9n en bancos, seguros, sociedades financieras de objeto m\u00faltiple, cajas de ahorro, afores, entre otras entidades.<\/p>\n<p>Con ello, podr\u00e1s comparar y evaluar a las entidades financieras, sus productos y servicios y tendr\u00e1s mayores elementos para elegir lo que m\u00e1s te convenga.<\/p>\n<p>Esta informaci\u00f3n te ser\u00e1 \u00fatil para elegir un producto financiero y tambi\u00e9n para conocer y usar mejor los que ya tienes.<\/p>\n<p>Este Bur\u00f3 de Entidades Financieras, es una herramienta que puede contribuir al crecimiento econ\u00f3mico del pa\u00eds, al promover la competencia entre las instituciones financieras; que impulsar\u00e1 la transparencia al revelar informaci\u00f3n a los usuarios sobre el desempe\u00f1o de \u00e9stas y los productos que ofrecen y que va a facilitar un manejo responsable de los productos y servicios financieros al conocer a detalle sus caracter\u00edsticas.<\/p>\n<p>Lo anterior, podr\u00e1 derivar en un mayor bienestar social, porque al conjuntar en un solo espacio tan diversa informaci\u00f3n del sistema financiero, el usuario tendr\u00e1 m\u00e1s elementos para optimizar su presupuesto, para mejorar sus finanzas personales, para utilizar correctamente los cr\u00e9ditos que fortalecer\u00e1n su econom\u00eda y obtener los seguros que la protejan, entre otros aspectos.<\/p>\n<p><a href=\"http:\/\/concreces.mx\/Web_v1\/wp-content\/uploads\/2019\/12\/INFORMACION_UC_CONCRECES.pdf\" target=\"_blank\" rel=\"noopener\"><strong><em>Informaci\u00f3n de Uni\u00f3n de Cr\u00e9dito CONCRECES S.A. de C.V.<\/em><\/strong><\/a><\/p>\n<p><em>\u201cLa informaci\u00f3n contenida en esta p\u00e1gina corresponde exclusivamente a Uni\u00f3n de CONCRECES\u00a0 S.A. de C.V. Si usted desea conocer informaci\u00f3n de todo el sector financiero consulte\u00a0 <\/em><a href=\"http:\/\/www.buro.gob.mx\/\"><em>https:\/\/www.buro.gob.mx\/<\/em><\/a><em>\u201d<\/em><\/p>\n<p>\u201cEl Bur\u00f3 de Entidades Financieras contiene informaci\u00f3n de uni\u00f3n de cr\u00e9dito CONCRECES SA de CV, sobre nuestro desempe\u00f1o frente a los Usuarios, por la prestaci\u00f3n de productos y servicios. Te invitamos a consultarlo en la p\u00e1gina http:\/\/www.buro.gob.mx o en nuestra p\u00e1gina de internet http:\/\/www.concreces.mx\u201d<\/p>\n<\/div>\n<\/div>\n<\/div>\n<\/div>\n<\/div>\n<\/section>\n<p>\n<\/div><\/div><\/div><\/div><\/div><\/section>\n","protected":false},"excerpt":{"rendered":"","protected":false},"author":1,"featured_media":0,"parent":0,"menu_order":0,"comment_status":"closed","ping_status":"closed","template":"","meta":{"footnotes":""},"class_list":["post-1372","page","type-page","status-publish","hentry"],"_links":{"self":[{"href":"https:\/\/concreces.mx\/Web_v1\/wp-json\/wp\/v2\/pages\/1372","targetHints":{"allow":["GET"]}}],"collection":[{"href":"https:\/\/concreces.mx\/Web_v1\/wp-json\/wp\/v2\/pages"}],"about":[{"href":"https:\/\/concreces.mx\/Web_v1\/wp-json\/wp\/v2\/types\/page"}],"author":[{"embeddable":true,"href":"https:\/\/concreces.mx\/Web_v1\/wp-json\/wp\/v2\/users\/1"}],"replies":[{"embeddable":true,"href":"https:\/\/concreces.mx\/Web_v1\/wp-json\/wp\/v2\/comments?post=1372"}],"version-history":[{"count":7,"href":"https:\/\/concreces.mx\/Web_v1\/wp-json\/wp\/v2\/pages\/1372\/revisions"}],"predecessor-version":[{"id":1475,"href":"https:\/\/concreces.mx\/Web_v1\/wp-json\/wp\/v2\/pages\/1372\/revisions\/1475"}],"wp:attachment":[{"href":"https:\/\/concreces.mx\/Web_v1\/wp-json\/wp\/v2\/media?parent=1372"}],"curies":[{"name":"wp","href":"https:\/\/api.w.org\/{rel}","templated":true}]}}