{"id":136,"date":"2017-10-05T09:22:46","date_gmt":"2017-10-05T09:22:46","guid":{"rendered":"http:\/\/tonatheme.com\/newwp\/bonsi\/?page_id=136"},"modified":"2018-06-01T17:58:09","modified_gmt":"2018-06-01T17:58:09","slug":"quienes-somos","status":"publish","type":"page","link":"https:\/\/concreces.mx\/Web_v1\/quienes-somos\/","title":{"rendered":"Nosotros"},"content":{"rendered":"<p><section class=\"kc-elm kc-css-666333 kc_row\"><div class=\"kc-row-container  kc-container\"><div class=\"kc-wrap-columns\"><div class=\"kc-elm kc-css-179686 kc_col-sm-12 kc_column kc_col-sm-12\"><div class=\"kc-col-container\"><div class=\"kc-elm kc-css-433576\" style=\"height: 71px; clear: both; width:100%;\"><\/div>\n<div class=\"kc-elm kc-css-604443 kc-title-wrap \">\n\n\t<h2 class=\"kc_title\">Somos una empresa financiera mexicana regulada, fundada hace 45 a\u00f1os.<\/h2>\n<\/div>\n<div class=\"kc-elm kc-css-474485\" style=\"height: 71px; clear: both; width:100%;\"><\/div><\/div><\/div><\/div><\/div><\/section><section class=\"kc-elm kc-css-416980 kc_row\"><div class=\"kc-row-container  kc-container\"><div class=\"kc-wrap-columns\"><div class=\"kc-elm kc-css-611983 kc_col-sm-6 kc_column kc_col-sm-6\"><div class=\"kc-col-container\"><div class=\"kc-elm kc-css-356761 kc_row kc_row_inner\"><div class=\"kc-elm kc-css-487656 kc_col-sm-12 kc_column_inner kc_col-sm-12\"><div class=\"kc_wrapper kc-col-inner-container\">[bunch_revslider _id=\u00bb856024\" slider_slug=\u00bbnosotros\u00bb]<\/div><\/div><\/div><\/div><\/div><div class=\"kc-elm kc-css-842073 kc_col-sm-6 kc_column kc_col-sm-6\"><div class=\"kc-col-container\"><div class=\"kc-elm kc-css-426569 kc_text_block\"><\/p>\n<p style=\"text-align: justify;\"><strong>CONCRECES<\/strong> es una Entidad Financiera regulada con 45 a\u00f1os de existencia y una de las 3 Uniones de Cr\u00e9dito m\u00e1s antiguas del pa\u00eds. Actualmente por colocaci\u00f3n de cartera, es la m\u00e1s grande del sur y sureste.<br \/>Derivado del impulso que el Gobierno Federal le est\u00e1 dando a la Banca de Desarrollo para continuar reactivando los sectores productivos del pa\u00eds, a trav\u00e9s de la Reforma Financiera y la consecuente dispersi\u00f3n de mayores recursos, hoy sigue generando un gran crecimiento y mejora para la rentabilidad de sus accionistas.<\/p>\n<p style=\"text-align: justify;\"><strong>CONCRECES<\/strong> apeg\u00e1ndose a su estrategia de crecimiento, ha dado resultados basados en un enfoque de colocaci\u00f3n en estados elegidos por su crecimiento econ\u00f3mico por encima del PIB.<\/p>\n<p>\n<\/div><\/div><\/div><\/div><\/div><\/section><section class=\"kc-elm kc-css-673660 kc_row\"><div class=\"kc-row-container  kc-container\"><div class=\"kc-wrap-columns\"><div class=\"kc-elm kc-css-61304 kc_col-sm-12 kc_column kc_col-sm-12\"><div class=\"kc-col-container\"><div class=\"kc-elm kc-css-69659 kc-raw-code\"><hr><\/div>[bunch_our_services_3 _id=\u00bb777149\" text_limit=\u00bb17\" num=\u00bb3\" cat=\u00bbnosotros\u00bb sort=\u00bbdate\u00bb order=\u00bbASC\u00bb]<div class=\"kc-elm kc-css-973578\" style=\"height: 12px; clear: both; width:100%;\"><\/div><\/div><\/div><\/div><\/div><\/section><section class=\"kc-elm kc-css-868436 kc_row\"><div class=\"kc-row-container  kc-container\"><div class=\"kc-wrap-columns\"><div class=\"kc-elm kc-css-934900 kc_col-sm-6 kc_column kc_col-sm-6\"><div class=\"kc-col-container\">\n<div class=\"kc-elm kc-css-212518 kc-title-wrap \">\n\n\t<h1 class=\"kc_title\">VISI\u00d3N<\/h1>\n<\/div>\n<div class=\"kc-elm kc-css-601985 kc_row kc_row_inner\"><div class=\"kc-elm kc-css-480710 kc_col-sm-12 kc_column_inner kc_col-sm-12\"><div class=\"kc_wrapper kc-col-inner-container\"><div class=\"kc-elm kc-css-378685 kc_text_block\"><\/p>\n<p style=\"text-align: justify;\">Somos una empresa financiera oaxaque\u00f1a, fundada hace 45 a\u00f1os por<br \/>Empresarios de gran visi\u00f3n, al d\u00eda de hoy se encuentra conformada por m\u00e1s de 2,300 socios, teniendo presencia a nivel nacional con mayor penetraci\u00f3n en el estado de Oaxaca, lo que incentiva la actividad econ\u00f3mica y genera empleos directos e indirectos.<br \/>Teniendo como visi\u00f3n primordial, ser l\u00edder en el Sector de Uniones de Cr\u00e9dito generando<br \/>valor a nuestros socios de negocio y comprometidos con el desarrollo social.<\/p>\n<p>\n<\/div><\/div><\/div><\/div><div class=\"kc-elm kc-css-583166\" style=\"height: 91px; clear: both; width:100%;\"><\/div><\/div><\/div><div class=\"kc-elm kc-css-751979 kc_col-sm-6 kc_column kc_col-sm-6\"><div class=\"kc-col-container\"><div class=\"kc-elm kc-css-863632 kc_shortcode kc_single_image\">\n\n        <img decoding=\"async\" src=\"https:\/\/concreces.mx\/Web_v1\/wp-content\/uploads\/2018\/06\/creces.jpg\" class=\"\" alt=\"\" \/>    <\/div>\n<div class=\"kc-elm kc-css-333058\" style=\"height: 91px; clear: both; width:100%;\"><\/div><\/div><\/div><\/div><\/div><\/section><section class=\"kc-elm kc-css-573140 kc_row\"><div class=\"kc-row-container  kc-container\"><div class=\"kc-wrap-columns\"><div class=\"kc-elm kc-css-768716 kc_col-sm-6 kc_column kc_col-sm-6\"><div class=\"kc-col-container\">\n<div class=\"kc-elm kc-css-352708 kc-title-wrap \">\n\n\t<h1 class=\"kc_title\">MISI\u00d3N<\/h1>\n<\/div>\n<div class=\"kc-elm kc-css-572357 kc_row kc_row_inner\"><div class=\"kc-elm kc-css-676422 kc_col-sm-12 kc_column_inner kc_col-sm-12\"><div class=\"kc_wrapper kc-col-inner-container\"><div class=\"kc-elm kc-css-186191 kc_text_block\"><\/p>\n<p style=\"text-align: justify;\">Generar soluciones financieras para un crecimiento compartido con las peque\u00f1as y medianas empresas, que nos permita crear proyectos con ra\u00edces fuertes para el futuro de nuestros socios y de esta manera, generar rendimientos a nuestros inversionistas.<\/p>\n<p>\n<\/div><\/div><\/div><\/div><div class=\"kc-elm kc-css-441557\" style=\"height: 30px; clear: both; width:100%;\"><\/div>\n<div class=\"kc-elm kc-css-325748 kc-title-wrap \">\n\n\t<h1 class=\"kc_title\">NUESTROS VALORES<\/h1>\n<\/div>\n<div class=\"kc-elm kc-css-584024 kc_row kc_row_inner\"><div class=\"kc-elm kc-css-316886 kc_col-sm-12 kc_column_inner kc_col-sm-12\"><div class=\"kc_wrapper kc-col-inner-container\"><div class=\"kc-elm kc-css-989263 kc_text_block\"><\/p>\n<p style=\"text-align: justify;\"><strong>Valor econ\u00f3mico:<\/strong> desarrollar soluciones financieras oportunas y flexibles, que permitan el crecimiento y rendimiento de nuestros socios.<br \/><strong>Valor social:<\/strong> generar una fuente de progreso compartido que abra oportunidades para el emprendedor que busque un impacto social.<br \/><strong>Valor humano: <\/strong>reconocer a la persona como centro del crecimiento compartido con nuestros socios.<\/p>\n<p>\n<\/div><\/div><\/div><\/div><div class=\"kc-elm kc-css-74890\" style=\"height: 91px; clear: both; width:100%;\"><\/div><\/div><\/div><div class=\"kc-elm kc-css-474638 kc_col-sm-6 kc_column kc_col-sm-6\"><div class=\"kc-col-container\"><div class=\"kc-elm kc-css-458328 kc_shortcode kc_single_image\">\n\n        <img decoding=\"async\" src=\"https:\/\/concreces.mx\/Web_v1\/wp-content\/uploads\/2018\/06\/Captura-de-pantalla-2018-06-20-a-las-12.54.46-p.-m..png\" class=\"\" alt=\"\" \/>    <\/div>\n<div class=\"kc-elm kc-css-494665\" style=\"height: 91px; clear: both; width:100%;\"><\/div><\/div><\/div><\/div><\/div><\/section><\/p>\n","protected":false},"excerpt":{"rendered":"","protected":false},"author":1,"featured_media":0,"parent":0,"menu_order":0,"comment_status":"closed","ping_status":"closed","template":"tpl-king-composer.php","meta":{"footnotes":""},"class_list":["post-136","page","type-page","status-publish","hentry"],"_links":{"self":[{"href":"https:\/\/concreces.mx\/Web_v1\/wp-json\/wp\/v2\/pages\/136","targetHints":{"allow":["GET"]}}],"collection":[{"href":"https:\/\/concreces.mx\/Web_v1\/wp-json\/wp\/v2\/pages"}],"about":[{"href":"https:\/\/concreces.mx\/Web_v1\/wp-json\/wp\/v2\/types\/page"}],"author":[{"embeddable":true,"href":"https:\/\/concreces.mx\/Web_v1\/wp-json\/wp\/v2\/users\/1"}],"replies":[{"embeddable":true,"href":"https:\/\/concreces.mx\/Web_v1\/wp-json\/wp\/v2\/comments?post=136"}],"version-history":[{"count":40,"href":"https:\/\/concreces.mx\/Web_v1\/wp-json\/wp\/v2\/pages\/136\/revisions"}],"predecessor-version":[{"id":456,"href":"https:\/\/concreces.mx\/Web_v1\/wp-json\/wp\/v2\/pages\/136\/revisions\/456"}],"wp:attachment":[{"href":"https:\/\/concreces.mx\/Web_v1\/wp-json\/wp\/v2\/media?parent=136"}],"curies":[{"name":"wp","href":"https:\/\/api.w.org\/{rel}","templated":true}]}}