{"id":1355,"date":"2019-10-24T02:21:44","date_gmt":"2019-10-24T02:21:44","guid":{"rendered":"http:\/\/concreces.mx\/Web_v1\/?page_id=1355"},"modified":"2022-06-21T02:40:19","modified_gmt":"2022-06-21T02:40:19","slug":"credito-refaccionario","status":"publish","type":"page","link":"https:\/\/concreces.mx\/Web_v1\/credito-refaccionario\/","title":{"rendered":"Cr\u00e9dito Refaccionario"},"content":{"rendered":"<section class=\"kc-elm kc-css-101488 kc_row\"><div class=\"kc-row-container  kc-container\"><div class=\"kc-wrap-columns\"><div class=\"kc-elm kc-css-60616 kc_col-sm-12 kc_column kc_col-sm-12\"><div class=\"kc-col-container\"><div class=\"kc-elm kc-css-199003 kc_text_block\"><\/p>\n<p><style type=\"text\/css\">body.kc-css-system .kc-css-277443 .kc_button{color: #ffffff;background-color: #e26b0a;}<\/style>\n<\/p>\n<section class=\"kc-elm kc-css-3820530 kc_row\">\n<div class=\"kc-row-container kc-container\">\n<div class=\"kc-wrap-columns\">\n<div class=\"kc-elm kc-css-3406436 kc_col-sm-12 kc_column kc_col-sm-12\">\n<div class=\"kc-col-container\">\n<div class=\"kc-elm kc-css-1145511 kc_box_wrap \">\n<div align=\"center\">\n<div class=\"one-one\">\n<table width=\"400px\">\n<tbody>\n<tr>\n<td style=\"color: white;\" colspan=\"2\" align=\"center\" bgcolor=\"#E26B0A\">PRODUCTO<\/td>\n<\/tr>\n<tr>\n<td style=\"color: white;\" colspan=\"2\" align=\"center\" bgcolor=\"#E26B0A\">CR\u00c9DITO REFACCIONARIO<\/td>\n<\/tr>\n<tr>\n<td colspan=\"2\">\u00a0<\/td>\n<\/tr>\n<tr>\n<td style=\"color: black;\" bgcolor=\"#E26B0A\">Cr\u00e9dito<\/td>\n<td>$ 10,000,000.00<\/td>\n<\/tr>\n<tr>\n<td style=\"color: black;\" bgcolor=\"#E26B0A\">Plazo (meses)<\/td>\n<td>24<\/td>\n<\/tr>\n<tr>\n<td style=\"color: black;\" bgcolor=\"#E26B0A\">Pagos<\/td>\n<td>MENSUALES<\/td>\n<\/tr>\n<tr>\n<td style=\"color: black;\" bgcolor=\"#E26B0A\">TIIE A 28 DIAS<\/td>\n<td>7.23%<\/td>\n<\/tr>\n<tr>\n<td style=\"color: black;\" bgcolor=\"#E26B0A\">Puntos porcentuales<\/td>\n<td>12.5%<\/td>\n<\/tr>\n<tr>\n<td style=\"color: black;\" bgcolor=\"#E26B0A\">Tasa ordinaria anual<\/td>\n<td>19.73%<\/td>\n<\/tr>\n<tr>\n<td style=\"color: black;\" bgcolor=\"#E26B0A\">Tasa moratoria anual<\/td>\n<td>39.46%<\/td>\n<\/tr>\n<\/tbody>\n<\/table>\n<\/div>\n<\/div>\n<\/div>\n<div class=\"kc-elm kc-css-500354 kc_text_block\">\n<p class=\"MsoNormal\" style=\"text-align: justify;\"><b style=\"mso-bidi-font-weight: normal;\"><span style=\"font-size: 10.0pt; line-height: 115%; font-family: 'Arial',sans-serif;\">COMISI\u00d3N POR DISPOSICI\u00d3N: <\/span><\/b><span style=\"font-size: 10.5pt; line-height: 115%; font-family: 'Arial',sans-serif; color: black; mso-color-alt: windowtext; background: white;\">Comisi\u00f3n del 2.5%, sobre el monto dispuesto por cada disposici\u00f3n.<\/span><\/p>\n<p class=\"MsoNormal\" style=\"text-align: justify;\"><span style=\"font-size: 10.0pt; line-height: 115%; font-family: 'Arial',sans-serif;\">*<b style=\"mso-bidi-font-weight: normal;\">CAT PROMEDIO 25.72%.<\/b> <b style=\"mso-bidi-font-weight: normal;\">SIN IVA.<\/b> Fecha de c\u00e1lculo: 2 de junio de 2022. Para fines informativos y de comparaci\u00f3n. Monto del Cr\u00e9dito $10\u00b4000,000.00, con tasa de inter\u00e9s TIIE + 12.5 pp, a un plazo de 24 meses. Al ser su cr\u00e9dito de tasa variable, los intereses pueden aumentar.<span style=\"mso-spacerun: yes;\">\u00a0 <\/span>*CAT: Costo Anual Total.<\/span><\/p>\n<p class=\"MsoNoSpacing\" style=\"text-align: justify;\"><b style=\"mso-bidi-font-weight: normal;\"><span style=\"font-size: 10.0pt; font-family: 'Arial',sans-serif;\">TASA:<\/span><\/b><span style=\"font-size: 10.0pt; font-family: 'Arial',sans-serif;\"> Fija o variable la cual se determina al momento de concretar tu operaci\u00f3n<\/span><\/p>\n<\/div>\n<div class=\"kc-elm kc-css-277443\"><a class=\"kc_button\" title=\"\" href=\"https:\/\/ifit.condusef.gob.mx\/ifit\/ft_general_final.php?idnc=23930&amp;t=26&amp;b=1\" target=\"_blank\" rel=\"noopener\">VER FICHA T\u00c9CNICA DE CONDUSEF <\/a><\/div>\n<\/div>\n<\/div>\n<\/div>\n<\/div>\n<\/section>\n<p>\n<\/div><\/div><\/div><\/div><\/div><\/section>\n","protected":false},"excerpt":{"rendered":"","protected":false},"author":1,"featured_media":0,"parent":0,"menu_order":0,"comment_status":"closed","ping_status":"closed","template":"","meta":{"footnotes":""},"class_list":["post-1355","page","type-page","status-publish","hentry"],"_links":{"self":[{"href":"https:\/\/concreces.mx\/Web_v1\/wp-json\/wp\/v2\/pages\/1355","targetHints":{"allow":["GET"]}}],"collection":[{"href":"https:\/\/concreces.mx\/Web_v1\/wp-json\/wp\/v2\/pages"}],"about":[{"href":"https:\/\/concreces.mx\/Web_v1\/wp-json\/wp\/v2\/types\/page"}],"author":[{"embeddable":true,"href":"https:\/\/concreces.mx\/Web_v1\/wp-json\/wp\/v2\/users\/1"}],"replies":[{"embeddable":true,"href":"https:\/\/concreces.mx\/Web_v1\/wp-json\/wp\/v2\/comments?post=1355"}],"version-history":[{"count":6,"href":"https:\/\/concreces.mx\/Web_v1\/wp-json\/wp\/v2\/pages\/1355\/revisions"}],"predecessor-version":[{"id":1482,"href":"https:\/\/concreces.mx\/Web_v1\/wp-json\/wp\/v2\/pages\/1355\/revisions\/1482"}],"wp:attachment":[{"href":"https:\/\/concreces.mx\/Web_v1\/wp-json\/wp\/v2\/media?parent=1355"}],"curies":[{"name":"wp","href":"https:\/\/api.w.org\/{rel}","templated":true}]}}